{"id":12554,"date":"2018-07-17T13:32:03","date_gmt":"2018-07-17T13:32:03","guid":{"rendered":"https:\/\/propomucil.mk\/zasto-propomucil-i-kako-radi-protiv-sekreta-i-slajma\/"},"modified":"2020-12-14T12:06:18","modified_gmt":"2020-12-14T12:06:18","slug":"%d9%84%d9%85%d8%a7%d8%b0%d8%a7-%d8%a8%d8%b1%d9%88%d8%a8%d9%88%d9%85%d9%88%d8%aa%d8%b3%d9%8a%d9%84-propomucil","status":"publish","type":"page","link":"https:\/\/propomucil.mk\/ar\/%d9%84%d9%85%d8%a7%d8%b0%d8%a7-%d8%a8%d8%b1%d9%88%d8%a8%d9%88%d9%85%d9%88%d8%aa%d8%b3%d9%8a%d9%84-propomucil\/","title":{"rendered":"\u0644\u0645\u0627\u0630\u0627 &#8221; \u0628\u0631\u0648\u0628\u0648\u0645\u0648\u062a\u0633\u064a\u0644&#8221; PropoMucil"},"content":{"rendered":"<p>[vc_row css=&#8221;.vc_custom_1541065990315{margin-top: 20px !important;margin-bottom: 10px !important;padding-top: 0px !important;padding-bottom: 0px !important;}&#8221;][vc_column][vc_custom_heading text=&#8221;\u0644\u0645\u0627\u0630\u0627 &#8220; \u0628\u0631\u0648\u0628\u0648\u0645\u0648\u062a\u0633\u064a\u0644&#8220; PropoMucil \u0628\u0627\u0644\u0630\u0627\u062a \u0648\u0643\u064a\u0641 \u064a\u062e\u0641\u0641 \u0627\u0644\u0625\u0641\u0631\u0627\u0632\u0627\u062a\u061f&#8221; font_container=&#8221;tag:h1|font_size:37px|text_align:center|color:%23333333&#8243; google_fonts=&#8221;font_family:Roboto%3A100%2C100italic%2C300%2C300italic%2Cregular%2Citalic%2C500%2C500italic%2C700%2C700italic%2C900%2C900italic|font_style:400%20regular%3A400%3Anormal&#8221; el_class=&#8221;naslovi-propomucil&#8221;][vc_row_inner css=&#8221;.vc_custom_1540896735460{margin-top: 40px !important;}&#8221;][vc_column_inner width=&#8221;2\/3&#8243; offset=&#8221;vc_hidden-sm vc_hidden-xs&#8221;][vc_custom_heading text=&#8221;\u0645\u0646\u062a\u062c \u0637\u0628\u064a\u0639\u064a \u0645\u0628\u062a\u0643\u0631\u0630\u0648 \u062a\u0623\u062b\u064a\u0631\u0627\u062a \u0645\u0632\u062f\u0648\u062c\u0629&#8221; font_container=&#8221;tag:h2|font_size:30px|text_align:center|color:%23e5702a&#8221; google_fonts=&#8221;font_family:Roboto%3A100%2C100italic%2C300%2C300italic%2Cregular%2Citalic%2C500%2C500italic%2C700%2C700italic%2C900%2C900italic|font_style:400%20italic%3A400%3Aitalic&#8221; css=&#8221;.vc_custom_1607946975531{margin-top: 60px !important;}&#8221;][vc_custom_heading text=&#8221; \u064a\u062d\u0644\u0644 \u0627\u0644\u0628\u0644\u063a\u0645- \u064a\u062d\u0644\u0644 \u0627\u0644\u0625\u0641\u0631\u0627\u0632\u0627\u062a<br \/>\n\u0645\u0636\u0627\u062f \u0637\u0628\u064a\u0639\u064a \u0642\u0648\u064a \u0644\u0644\u0645\u064a\u0643\u0631\u0648\u0628\u0627\u062a&#8221; font_container=&#8221;tag:h2|font_size:30px|text_align:center|color:%23e5702a&#8221; google_fonts=&#8221;font_family:Roboto%3A100%2C100italic%2C300%2C300italic%2Cregular%2Citalic%2C500%2C500italic%2C700%2C700italic%2C900%2C900italic|font_style:400%20italic%3A400%3Aitalic&#8221; css=&#8221;.vc_custom_1607946992004{margin-top: 40px !important;}&#8221;][\/vc_column_inner][vc_column_inner width=&#8221;1\/3&#8243;][vc_single_image image=&#8221;8067&#8243; img_size=&#8221;full&#8221; alignment=&#8221;center&#8221; css_animation=&#8221;zoomIn&#8221;][\/vc_column_inner][\/vc_row_inner][vc_row_inner][vc_column_inner offset=&#8221;vc_hidden-lg vc_hidden-md&#8221;][vc_custom_heading text=&#8221;\u0645\u0646\u062a\u062c \u0637\u0628\u064a\u0639\u064a \u0645\u0628\u062a\u0643\u0631\u0630\u0648 \u062a\u0623\u062b\u064a\u0631\u0627\u062a \u0645\u0632\u062f\u0648\u062c\u0629&#8221; font_container=&#8221;tag:h2|font_size:30px|text_align:center|color:%23e5702a&#8221; google_fonts=&#8221;font_family:Roboto%3A100%2C100italic%2C300%2C300italic%2Cregular%2Citalic%2C500%2C500italic%2C700%2C700italic%2C900%2C900italic|font_style:400%20italic%3A400%3Aitalic&#8221; css=&#8221;.vc_custom_1607946975531{margin-top: 60px !important;}&#8221;][vc_custom_heading text=&#8221; \u064a\u062d\u0644\u0644 \u0627\u0644\u0628\u0644\u063a\u0645- \u064a\u062d\u0644\u0644 \u0627\u0644\u0625\u0641\u0631\u0627\u0632\u0627\u062a<br \/>\n\u0645\u0636\u0627\u062f \u0637\u0628\u064a\u0639\u064a \u0642\u0648\u064a \u0644\u0644\u0645\u064a\u0643\u0631\u0648\u0628\u0627\u062a&#8221; font_container=&#8221;tag:h2|font_size:30px|text_align:center|color:%23e5702a&#8221; google_fonts=&#8221;font_family:Roboto%3A100%2C100italic%2C300%2C300italic%2Cregular%2Citalic%2C500%2C500italic%2C700%2C700italic%2C900%2C900italic|font_style:400%20italic%3A400%3Aitalic&#8221; css=&#8221;.vc_custom_1607946992004{margin-top: 40px !important;}&#8221;][\/vc_column_inner][\/vc_row_inner][\/vc_column][\/vc_row][vc_row css=&#8221;.vc_custom_1531897248096{margin-top: 0px !important;margin-bottom: 70px !important;padding-top: 0px !important;padding-bottom: 0px !important;}&#8221;][vc_column css=&#8221;.vc_custom_1541066024615{margin-top: 20px !important;}&#8221;][vc_column_text]\u064a\u0639\u062f \u0628\u0631\u0648\u0628\u0648\u0645\u0648\u062a\u0633\u064a\u0644 <strong>PropoMucil\u00ae<\/strong> \u0627\u0644\u062f\u0648\u0627\u0621 \u0627\u0644\u0648\u062d\u064a\u062f \u0627\u0644\u0630\u064a \u064a\u062d\u062a\u0648\u064a \u0639\u0644\u0649 \u062f\u0646\u062c \u063a\u064a\u0631 \u0645\u0633\u0628\u0628 \u0644\u0644\u062d\u0633\u0627\u0633\u064a\u0629 \u062a\u0645\u062a \u062a\u0646\u0642\u064a\u062a\u0647 \u0628\u0648\u0627\u0633\u0637\u0629 \u062a\u0642\u0646\u064a\u0629 \u0645\u0628\u062a\u0643\u0631\u0629 \u064a\u062a\u0645 \u0641\u064a\u0647\u0627 \u062f\u0645\u062c\u00a0\u00a0 \u00a0N \u2013 \u0623\u0633\u064a\u062a\u064a\u0644 \u0633\u064a\u0633\u062a\u0626\u064a\u0646<strong> (<\/strong><strong>N-acetylcysteine <\/strong><strong>)<\/strong> \u0648 \u0627\u0644\u0630\u064a \u064a\u062d\u0644\u0644 \u0627\u0644\u0625\u0641\u0631\u0627\u0632\u0627\u062a \u0648\u064a\u0637\u0631\u062f\u0647\u0627 \u0625\u0644\u0649 \u0627\u0644\u062e\u0627\u0631\u062c!<\/p>\n<p>\u064a\u0639\u0645\u0644 \u0643\u0644 \u0645\u0646 : \u0645\u0633\u062d\u0648\u0642 \u0628\u0631\u0648\u0628\u0648\u0645\u0648\u062a\u0633\u064a\u0644 \u0648 \u0628\u0631\u0648\u0628\u0648\u0645\u0648\u062a\u0633\u064a\u0644 \u0645\u0639 \u0627\u0644\u0639\u0633\u0644 \u0648 \u0627\u0644\u0643\u0628\u0633\u0648\u0644\u0627\u062a \u0648 \u0627\u0644\u0645\u0639\u064a\u0646\u0627\u062a \u0648 \u0628\u062e\u0627\u062e\u0627\u062a \u0627\u0644\u062d\u0644\u0642 \u0648\u0627\u0644\u0623\u0646\u0641 \u0644\u0644\u0623\u0637\u0641\u0627\u0644 \u0648\u0627\u0644\u0643\u0628\u0627\u0631 \u0639\u0644\u0649 \u0646\u062e\u0641\u064a\u0641 \u0627\u0644\u0623\u0639\u0631\u0627\u0636 ( \u0645\u062b\u0644 \u0625\u062e\u0631\u0627\u062c \u0627\u0644\u0625\u0641\u0631\u0627\u0632\u0627\u062a\u060c \u0627\u0644\u062a\u0642\u0644\u064a\u0644 \u0645\u0646 \u0625\u062d\u062a\u0645\u0627\u0644\u064a\u0629 \u062a\u0643\u0631\u0627\u0631 \u0627\u0644\u0639\u062f\u0648\u0649 \u0648\u0627\u0644\u0627\u0646\u0641\u0644\u0648\u0646\u0632\u0627) \u0648\u0643\u0630\u0644\u0643 \u0639\u0646\u062f \u0645\u0631\u0636 \u0627\u0644\u0627\u0646\u0633\u062f\u0627\u062f \u0627\u0644\u0631\u0626\u0648\u064a \u060c \u0627\u0644\u062a\u0647\u0627\u0628 \u0627\u0644\u0634\u0639\u0628 \u0627\u0644\u0647\u0648\u0627\u0626\u064a\u0629 \u060c \u0627\u0644\u062a\u0647\u0627\u0628 \u0627\u0644\u0623\u0630\u0646 \u0627\u0644\u0648\u0633\u0637\u0649 \u060c \u0627\u0644\u062c\u064a\u0648\u0628 \u0627\u0644\u0623\u0646\u0641\u064a\u0629 \u060c \u0627\u0644\u062d\u0644\u0642 \u060c \u0627\u0644\u0628\u0644\u0639\u0648\u0645 \u060c \u0627\u0644\u062d\u0645\u0649 \u060c \u0627\u0644\u0628\u0631\u062f \u0648\u0627\u0644\u0623\u0646\u0641\u0644\u0648\u0646\u0632\u0627 \u060c \u0628\u0627\u0644\u0625\u0636\u0627\u0641\u0629 \u0644\u062a\u0642\u0648\u064a\u0629 \u0627\u0644\u062c\u0647\u0627\u0632 \u0627\u0644\u0645\u0646\u0627\u0639\u064a.[\/vc_column_text][\/vc_column][\/vc_row][vc_row css=&#8221;.vc_custom_1531900423604{margin-top: 0px !important;margin-bottom: 70px !important;padding-top: 0px !important;padding-bottom: 0px !important;}&#8221;][vc_column][vc_column_text]<\/p>\n<div style=\"background: #CFEDFC; border: 3px solid #e5702a; padding: 15px;\">\n<h3 style=\"font-size: 22px;\">\u0622\u0644\u064a\u0629 \u0639\u0645\u0644 &#8220;\u0628\u0631\u0648\u0628\u0648\u0645\u0648\u062a\u0633\u064a\u0644&#8221;<\/h3>\n<ul>\n<li>\u064a\u062d\u062a\u0648\u064a &#8221; \u0628\u0631\u0648\u0628\u0648\u0645\u0648\u062a\u0633\u064a\u0644&#8221; \u0639\u0644\u0649 \u0645\u0627\u062f\u0629 \u0642\u0648\u064a\u0629 \u062d\u0627\u0644\u0629 \u0644\u0644\u0628\u0644\u063a\u0645 (\u0623\u0633\u064a\u062a\u064a\u0644 \u0633\u064a\u0633\u062a\u0646\u064a\u0646 \u0623\u0635\u0644\u064a \u0648\u0637\u0628\u064a\u0639\u064a) \u062a\u0639\u0645\u0644 \u0639\u0644\u0649 \u062a\u0643\u0633\u064a\u0631 \u0627\u0644\u0625\u0641\u0631\u0627\u0632\u0627\u062a \u0627\u0644\u063a\u0644\u064a\u0638\u0629 \u0648\u062a\u0633\u0647\u064a\u0644 \u0625\u062e\u0631\u0627\u062c\u0647\u0627 \u0645\u0645\u0627 \u064a\u0633\u0627\u0639\u062f \u0641\u064a \u0627\u0644\u0642\u0636\u0627\u0621 \u0639\u0644\u0649 \u0627\u0644\u0641\u064a\u0631\u0648\u0633\u0627\u062a \u0648\u0627\u0644\u0628\u0643\u062a\u064a\u0631\u064a\u0627 \u0648\u0627\u0644\u0641\u0637\u0631\u064a\u0627\u062a (\u062f\u0646\u062c \u0628\u062f\u0648\u0646 \u0645\u0633\u0628\u0628\u0627\u062a \u0627\u0644\u062d\u0633\u0627\u0633\u064a\u0629) \u2013 \u0648\u064a\u0645\u0646\u0639 \u062a\u0643\u0648\u064a\u0646 \u0639\u062f\u0648\u0649 \u062c\u062f\u064a\u062f\u0629<\/li>\n<li>\u0644\u0647 \u062a\u0623\u062b\u064a\u0631 \u062a\u0622\u0632\u0631\u064a \u0645\u0636\u0627\u062f \u0644\u0644\u0623\u0643\u0633\u062f\u0629 ( \u0644\u0648\u062c\u0648\u062f \u0627\u0644\u0623\u0633\u064a\u062a\u064a\u0644 \u0633\u064a\u0633\u062a\u064a\u0646 \u0648 \u0627\u0644\u062f\u0646\u062c)<\/li>\n<\/ul>\n<\/div>\n<p>[\/vc_column_text][\/vc_column][\/vc_row][vc_row][vc_column width=&#8221;1\/2&#8243;][vc_column_text css=&#8221;.vc_custom_1607947409673{margin-top: 20px !important;}&#8221;]<\/p>\n<h5 style=\"font-weight: 600; text-align: center;\">\u0627\u0644\u062f\u0646\u062c \u0627\u0644\u0645\u0646\u0642\u0649<\/h5>\n<p style=\"text-align: center;\">\u064a\u0642\u0636\u064a \u0639\u0644\u0649 \u0627\u0644\u0628\u0643\u062a\u064a\u0631\u064a\u0627 \u0648\u0627\u0644\u0641\u064a\u0631\u0648\u0633\u0627\u062a \u0648\u0627\u0644\u0641\u0637\u0631\u064a\u0627\u062a<\/p>\n<p>[\/vc_column_text][\/vc_column][vc_column width=&#8221;1\/2&#8243;][vc_column_text css=&#8221;.vc_custom_1607947443281{margin-top: 20px !important;}&#8221;]<\/p>\n<h5 style=\"font-weight: 600; text-align: center;\">\u0623\u0633\u064a\u062a\u064a\u0644 \u0633\u064a\u0633\u062a\u0626\u064a\u0646<\/h5>\n<p style=\"text-align: center; font-size: 15px;\">\u064a\u062d\u0644\u0644 \u0627\u0644\u0625\u0641\u0631\u0627\u0632\u0627\u062a \u0648\u064a\u0633\u0647\u0644 \u0639\u0645\u0644\u064a\u0629 \u0637\u0631\u062f\u0647\u0627 \u0645\u0646 \u0627\u0644\u0634\u0639\u0628 \u0627\u0644\u0647\u0648\u0627\u0626\u064a\u0629<br \/>\n&#8211; \u064a\u0639\u062f \u0645\u0636\u0627\u062f\u0627 \u0644\u0644\u0623\u0643\u0633\u062f\u0629 &#8211; \u064a\u0642\u0636\u064a \u0639\u0644\u0649 \u0627\u0644\u062c\u0630\u0648\u0631 \u0627\u0644\u062d\u0631\u0629<\/p>\n<p>[\/vc_column_text][\/vc_column][\/vc_row][vc_row css=&#8221;.vc_custom_1539260821139{margin-bottom: 40px !important;}&#8221;][vc_column width=&#8221;1\/2&#8243;][vc_single_image image=&#8221;7824&#8243; img_size=&#8221;full&#8221; alignment=&#8221;center&#8221;][\/vc_column][vc_column width=&#8221;1\/2&#8243;][vc_single_image image=&#8221;7839&#8243; img_size=&#8221;full&#8221; alignment=&#8221;center&#8221;][\/vc_column][\/vc_row]<\/p>\n","protected":false},"excerpt":{"rendered":"<p>[vc_row css=&#8221;.vc_custom_1541065990315{margin-top: 20px !important;margin-bottom: 10px !important;padding-top: 0px !important;padding-bottom: 0px !important;}&#8221;][vc_column][vc_custom_heading text=&#8221;\u0644\u0645\u0627\u0630\u0627 &#8220; \u0628\u0631\u0648\u0628\u0648\u0645\u0648\u062a\u0633\u064a\u0644&#8220; PropoMucil \u0628\u0627\u0644\u0630\u0627\u062a \u0648\u0643\u064a\u0641 \u064a\u062e\u0641\u0641 \u0627\u0644\u0625\u0641\u0631\u0627\u0632\u0627\u062a\u061f&#8221; font_container=&#8221;tag:h1|font_size:37px|text_align:center|color:%23333333&#8243; google_fonts=&#8221;font_family:Roboto%3A100%2C100italic%2C300%2C300italic%2Cregular%2Citalic%2C500%2C500italic%2C700%2C700italic%2C900%2C900italic|font_style:400%20regular%3A400%3Anormal&#8221; el_class=&#8221;naslovi-propomucil&#8221;][vc_row_inner css=&#8221;.vc_custom_1540896735460{margin-top: 40px !important;}&#8221;][vc_column_inner width=&#8221;2\/3&#8243; offset=&#8221;vc_hidden-sm vc_hidden-xs&#8221;][vc_custom_heading text=&#8221;\u0645\u0646\u062a\u062c \u0637\u0628\u064a\u0639\u064a \u0645\u0628\u062a\u0643\u0631\u0630\u0648 \u062a\u0623\u062b\u064a\u0631\u0627\u062a \u0645\u0632\u062f\u0648\u062c\u0629&#8221; font_container=&#8221;tag:h2|font_size:30px|text_align:center|color:%23e5702a&#8221; google_fonts=&#8221;font_family:Roboto%3A100%2C100italic%2C300%2C300italic%2Cregular%2Citalic%2C500%2C500italic%2C700%2C700italic%2C900%2C900italic|font_style:400%20italic%3A400%3Aitalic&#8221; css=&#8221;.vc_custom_1607946975531{margin-top: 60px !important;}&#8221;][vc_custom_heading text=&#8221; \u064a\u062d\u0644\u0644 \u0627\u0644\u0628\u0644\u063a\u0645- \u064a\u062d\u0644\u0644 \u0627\u0644\u0625\u0641\u0631\u0627\u0632\u0627\u062a \u0645\u0636\u0627\u062f \u0637\u0628\u064a\u0639\u064a \u0642\u0648\u064a \u0644\u0644\u0645\u064a\u0643\u0631\u0648\u0628\u0627\u062a&#8221; font_container=&#8221;tag:h2|font_size:30px|text_align:center|color:%23e5702a&#8221; google_fonts=&#8221;font_family:Roboto%3A100%2C100italic%2C300%2C300italic%2Cregular%2Citalic%2C500%2C500italic%2C700%2C700italic%2C900%2C900italic|font_style:400%20italic%3A400%3Aitalic&#8221; css=&#8221;.vc_custom_1607946992004{margin-top: 40px<\/p>\n","protected":false},"author":1,"featured_media":0,"parent":0,"menu_order":0,"comment_status":"closed","ping_status":"closed","template":"","meta":{"footnotes":""},"yoast_head":"<!-- This site is optimized with the Yoast SEO plugin v22.8 - https:\/\/yoast.com\/wordpress\/plugins\/seo\/ -->\n<title>Za\u0161to prirodni antimikrobik PropoMucil i kako razre\u0111uje \u0161lajm?<\/title>\n<meta name=\"description\" content=\"PROPOMUCIL\u00ae jedini sadr\u017ei inovativnom tehnologijom pre\u010di\u0161\u0107en prirodni propolis u koji je inkorporiran prirodni N-acetilcistein koji razla\u017ee \u0161lajm i izbacuje ga!\" \/>\n<meta name=\"robots\" content=\"index, follow, max-snippet:-1, max-image-preview:large, max-video-preview:-1\" \/>\n<link rel=\"canonical\" href=\"https:\/\/propomucil.mk\/ar\/\u0644\u0645\u0627\u0630\u0627-\u0628\u0631\u0648\u0628\u0648\u0645\u0648\u062a\u0633\u064a\u0644-propomucil\/\" \/>\n<meta property=\"og:locale\" content=\"ar_AR\" \/>\n<meta property=\"og:type\" content=\"article\" \/>\n<meta property=\"og:title\" content=\"Za\u0161to prirodni antimikrobik PropoMucil i kako razre\u0111uje \u0161lajm?\" \/>\n<meta property=\"og:description\" content=\"PROPOMUCIL\u00ae jedini sadr\u017ei inovativnom tehnologijom pre\u010di\u0161\u0107en prirodni propolis u koji je inkorporiran prirodni N-acetilcistein koji razla\u017ee \u0161lajm i izbacuje ga!\" \/>\n<meta property=\"og:url\" content=\"https:\/\/propomucil.mk\/ar\/\u0644\u0645\u0627\u0630\u0627-\u0628\u0631\u0648\u0628\u0648\u0645\u0648\u062a\u0633\u064a\u0644-propomucil\/\" \/>\n<meta property=\"og:site_name\" content=\"PropoMucil\" \/>\n<meta property=\"article:modified_time\" content=\"2020-12-14T12:06:18+00:00\" \/>\n<meta name=\"twitter:card\" content=\"summary_large_image\" \/>\n<meta name=\"twitter:label1\" content=\"\u0648\u0642\u062a \u0627\u0644\u0642\u0631\u0627\u0621\u0629 \u0627\u0644\u0645\u064f\u0642\u062f\u0651\u0631\" \/>\n\t<meta name=\"twitter:data1\" content=\"\u062f\u0642\u064a\u0642\u062a\u0627\u0646\" \/>\n<script type=\"application\/ld+json\" class=\"yoast-schema-graph\">{\"@context\":\"https:\/\/schema.org\",\"@graph\":[{\"@type\":\"WebPage\",\"@id\":\"https:\/\/propomucil.mk\/ar\/%d9%84%d9%85%d8%a7%d8%b0%d8%a7-%d8%a8%d8%b1%d9%88%d8%a8%d9%88%d9%85%d9%88%d8%aa%d8%b3%d9%8a%d9%84-propomucil\/\",\"url\":\"https:\/\/propomucil.mk\/ar\/%d9%84%d9%85%d8%a7%d8%b0%d8%a7-%d8%a8%d8%b1%d9%88%d8%a8%d9%88%d9%85%d9%88%d8%aa%d8%b3%d9%8a%d9%84-propomucil\/\",\"name\":\"Za\u0161to prirodni antimikrobik PropoMucil i kako razre\u0111uje \u0161lajm?\",\"isPartOf\":{\"@id\":\"http:\/\/propomucil.mk\/#website\"},\"datePublished\":\"2018-07-17T13:32:03+00:00\",\"dateModified\":\"2020-12-14T12:06:18+00:00\",\"description\":\"PROPOMUCIL\u00ae jedini sadr\u017ei inovativnom tehnologijom pre\u010di\u0161\u0107en prirodni propolis u koji je inkorporiran prirodni N-acetilcistein koji razla\u017ee \u0161lajm i izbacuje ga!\",\"breadcrumb\":{\"@id\":\"https:\/\/propomucil.mk\/ar\/%d9%84%d9%85%d8%a7%d8%b0%d8%a7-%d8%a8%d8%b1%d9%88%d8%a8%d9%88%d9%85%d9%88%d8%aa%d8%b3%d9%8a%d9%84-propomucil\/#breadcrumb\"},\"inLanguage\":\"ar\",\"potentialAction\":[{\"@type\":\"ReadAction\",\"target\":[\"https:\/\/propomucil.mk\/ar\/%d9%84%d9%85%d8%a7%d8%b0%d8%a7-%d8%a8%d8%b1%d9%88%d8%a8%d9%88%d9%85%d9%88%d8%aa%d8%b3%d9%8a%d9%84-propomucil\/\"]}]},{\"@type\":\"BreadcrumbList\",\"@id\":\"https:\/\/propomucil.mk\/ar\/%d9%84%d9%85%d8%a7%d8%b0%d8%a7-%d8%a8%d8%b1%d9%88%d8%a8%d9%88%d9%85%d9%88%d8%aa%d8%b3%d9%8a%d9%84-propomucil\/#breadcrumb\",\"itemListElement\":[{\"@type\":\"ListItem\",\"position\":1,\"name\":\"Home\",\"item\":\"https:\/\/propomucil.mk\/ar\/\"},{\"@type\":\"ListItem\",\"position\":2,\"name\":\"\u0644\u0645\u0627\u0630\u0627 &#8221; \u0628\u0631\u0648\u0628\u0648\u0645\u0648\u062a\u0633\u064a\u0644&#8221; PropoMucil\"}]},{\"@type\":\"WebSite\",\"@id\":\"http:\/\/propomucil.mk\/#website\",\"url\":\"http:\/\/propomucil.mk\/\",\"name\":\"PropoMucil\",\"description\":\"Izbacite sekret, di\u0161ite slobodno\",\"potentialAction\":[{\"@type\":\"SearchAction\",\"target\":{\"@type\":\"EntryPoint\",\"urlTemplate\":\"http:\/\/propomucil.mk\/?s={search_term_string}\"},\"query-input\":\"required name=search_term_string\"}],\"inLanguage\":\"ar\"}]}<\/script>\n<!-- \/ Yoast SEO plugin. -->","yoast_head_json":{"title":"Za\u0161to prirodni antimikrobik PropoMucil i kako razre\u0111uje \u0161lajm?","description":"PROPOMUCIL\u00ae jedini sadr\u017ei inovativnom tehnologijom pre\u010di\u0161\u0107en prirodni propolis u koji je inkorporiran prirodni N-acetilcistein koji razla\u017ee \u0161lajm i izbacuje ga!","robots":{"index":"index","follow":"follow","max-snippet":"max-snippet:-1","max-image-preview":"max-image-preview:large","max-video-preview":"max-video-preview:-1"},"canonical":"https:\/\/propomucil.mk\/ar\/\u0644\u0645\u0627\u0630\u0627-\u0628\u0631\u0648\u0628\u0648\u0645\u0648\u062a\u0633\u064a\u0644-propomucil\/","og_locale":"ar_AR","og_type":"article","og_title":"Za\u0161to prirodni antimikrobik PropoMucil i kako razre\u0111uje \u0161lajm?","og_description":"PROPOMUCIL\u00ae jedini sadr\u017ei inovativnom tehnologijom pre\u010di\u0161\u0107en prirodni propolis u koji je inkorporiran prirodni N-acetilcistein koji razla\u017ee \u0161lajm i izbacuje ga!","og_url":"https:\/\/propomucil.mk\/ar\/\u0644\u0645\u0627\u0630\u0627-\u0628\u0631\u0648\u0628\u0648\u0645\u0648\u062a\u0633\u064a\u0644-propomucil\/","og_site_name":"PropoMucil","article_modified_time":"2020-12-14T12:06:18+00:00","twitter_card":"summary_large_image","twitter_misc":{"\u0648\u0642\u062a \u0627\u0644\u0642\u0631\u0627\u0621\u0629 \u0627\u0644\u0645\u064f\u0642\u062f\u0651\u0631":"\u062f\u0642\u064a\u0642\u062a\u0627\u0646"},"schema":{"@context":"https:\/\/schema.org","@graph":[{"@type":"WebPage","@id":"https:\/\/propomucil.mk\/ar\/%d9%84%d9%85%d8%a7%d8%b0%d8%a7-%d8%a8%d8%b1%d9%88%d8%a8%d9%88%d9%85%d9%88%d8%aa%d8%b3%d9%8a%d9%84-propomucil\/","url":"https:\/\/propomucil.mk\/ar\/%d9%84%d9%85%d8%a7%d8%b0%d8%a7-%d8%a8%d8%b1%d9%88%d8%a8%d9%88%d9%85%d9%88%d8%aa%d8%b3%d9%8a%d9%84-propomucil\/","name":"Za\u0161to prirodni antimikrobik PropoMucil i kako razre\u0111uje \u0161lajm?","isPartOf":{"@id":"http:\/\/propomucil.mk\/#website"},"datePublished":"2018-07-17T13:32:03+00:00","dateModified":"2020-12-14T12:06:18+00:00","description":"PROPOMUCIL\u00ae jedini sadr\u017ei inovativnom tehnologijom pre\u010di\u0161\u0107en prirodni propolis u koji je inkorporiran prirodni N-acetilcistein koji razla\u017ee \u0161lajm i izbacuje ga!","breadcrumb":{"@id":"https:\/\/propomucil.mk\/ar\/%d9%84%d9%85%d8%a7%d8%b0%d8%a7-%d8%a8%d8%b1%d9%88%d8%a8%d9%88%d9%85%d9%88%d8%aa%d8%b3%d9%8a%d9%84-propomucil\/#breadcrumb"},"inLanguage":"ar","potentialAction":[{"@type":"ReadAction","target":["https:\/\/propomucil.mk\/ar\/%d9%84%d9%85%d8%a7%d8%b0%d8%a7-%d8%a8%d8%b1%d9%88%d8%a8%d9%88%d9%85%d9%88%d8%aa%d8%b3%d9%8a%d9%84-propomucil\/"]}]},{"@type":"BreadcrumbList","@id":"https:\/\/propomucil.mk\/ar\/%d9%84%d9%85%d8%a7%d8%b0%d8%a7-%d8%a8%d8%b1%d9%88%d8%a8%d9%88%d9%85%d9%88%d8%aa%d8%b3%d9%8a%d9%84-propomucil\/#breadcrumb","itemListElement":[{"@type":"ListItem","position":1,"name":"Home","item":"https:\/\/propomucil.mk\/ar\/"},{"@type":"ListItem","position":2,"name":"\u0644\u0645\u0627\u0630\u0627 &#8221; \u0628\u0631\u0648\u0628\u0648\u0645\u0648\u062a\u0633\u064a\u0644&#8221; PropoMucil"}]},{"@type":"WebSite","@id":"http:\/\/propomucil.mk\/#website","url":"http:\/\/propomucil.mk\/","name":"PropoMucil","description":"Izbacite sekret, di\u0161ite slobodno","potentialAction":[{"@type":"SearchAction","target":{"@type":"EntryPoint","urlTemplate":"http:\/\/propomucil.mk\/?s={search_term_string}"},"query-input":"required name=search_term_string"}],"inLanguage":"ar"}]}},"_links":{"self":[{"href":"https:\/\/propomucil.mk\/ar\/wp-json\/wp\/v2\/pages\/12554"}],"collection":[{"href":"https:\/\/propomucil.mk\/ar\/wp-json\/wp\/v2\/pages"}],"about":[{"href":"https:\/\/propomucil.mk\/ar\/wp-json\/wp\/v2\/types\/page"}],"author":[{"embeddable":true,"href":"https:\/\/propomucil.mk\/ar\/wp-json\/wp\/v2\/users\/1"}],"replies":[{"embeddable":true,"href":"https:\/\/propomucil.mk\/ar\/wp-json\/wp\/v2\/comments?post=12554"}],"version-history":[{"count":4,"href":"https:\/\/propomucil.mk\/ar\/wp-json\/wp\/v2\/pages\/12554\/revisions"}],"predecessor-version":[{"id":12559,"href":"https:\/\/propomucil.mk\/ar\/wp-json\/wp\/v2\/pages\/12554\/revisions\/12559"}],"wp:attachment":[{"href":"https:\/\/propomucil.mk\/ar\/wp-json\/wp\/v2\/media?parent=12554"}],"curies":[{"name":"wp","href":"https:\/\/api.w.org\/{rel}","templated":true}]}}